{"id":1453,"date":"2025-05-15T10:30:27","date_gmt":"2025-05-15T10:30:27","guid":{"rendered":"https:\/\/sondargroup.com\/?page_id=1453"},"modified":"2025-05-15T10:30:27","modified_gmt":"2025-05-15T10:30:27","slug":"sondar-i-servicos-backup","status":"publish","type":"page","link":"https:\/\/sondargroup.com\/en\/sondar-i-servicos-backup\/","title":{"rendered":"Sondar.i Servi\u00e7os Backup"},"content":{"rendered":"<div data-elementor-type=\"wp-page\" data-elementor-id=\"1453\" class=\"elementor elementor-1453\" data-elementor-post-type=\"page\">\n\t\t\t\t<div class=\"elementor-element elementor-element-acbdfbc e-con-full e-flex e-con e-parent\" data-id=\"acbdfbc\" data-element_type=\"container\" data-settings=\"{&quot;background_background&quot;:&quot;classic&quot;}\">\n\t\t<div class=\"elementor-element elementor-element-2e59ae4 e-con-full e-flex e-con e-child\" data-id=\"2e59ae4\" data-element_type=\"container\">\n\t\t\t\t<div class=\"elementor-element elementor-element-ccce2a5 elementor-widget elementor-widget-heading\" data-id=\"ccce2a5\" data-element_type=\"widget\" data-widget_type=\"heading.default\">\n\t\t\t\t<div class=\"elementor-widget-container\">\n\t\t\t\t\t<h2 class=\"elementor-heading-title elementor-size-default\">Services<\/h2>\t\t\t\t<\/div>\n\t\t\t\t<\/div>\n\t\t\t\t<\/div>\n\t\t\t\t<\/div>\n\t\t<div class=\"elementor-element elementor-element-968706a e-con-full e-flex e-con e-parent\" data-id=\"968706a\" data-element_type=\"container\">\n\t\t<div class=\"elementor-element elementor-element-b70c7a2 e-con-full box-content e-flex e-con e-child\" data-id=\"b70c7a2\" data-element_type=\"container\">\n\t\t<div class=\"elementor-element elementor-element-c3f6ca0 e-con-full e-flex e-con e-child\" data-id=\"c3f6ca0\" data-element_type=\"container\">\n\t\t<div class=\"elementor-element elementor-element-16ea69e e-con-full e-flex e-con e-child\" data-id=\"16ea69e\" data-element_type=\"container\">\n\t\t\t\t<div class=\"elementor-element elementor-element-8628d0d elementor-widget elementor-widget-image\" data-id=\"8628d0d\" data-element_type=\"widget\" data-widget_type=\"image.default\">\n\t\t\t\t<div class=\"elementor-widget-container\">\n\t\t\t\t\t\t\t\t\t\t\t\t\t\t\t<img fetchpriority=\"high\" decoding=\"async\" width=\"765\" height=\"455\" src=\"https:\/\/sondargroup.com\/wp-content\/uploads\/2025\/03\/Image-Servicos-01.webp\" class=\"attachment-large size-large wp-image-962\" alt=\"\" srcset=\"https:\/\/sondargroup.com\/wp-content\/uploads\/2025\/03\/Image-Servicos-01.webp 765w, https:\/\/sondargroup.com\/wp-content\/uploads\/2025\/03\/Image-Servicos-01-300x178.webp 300w, https:\/\/sondargroup.com\/wp-content\/uploads\/2025\/03\/Image-Servicos-01-18x12.webp 18w\" sizes=\"(max-width: 765px) 100vw, 765px\" \/>\t\t\t\t\t\t\t\t\t\t\t\t\t\t\t<\/div>\n\t\t\t\t<\/div>\n\t\t\t\t<\/div>\n\t\t<div class=\"elementor-element elementor-element-ec37bbf e-con-full e-flex e-con e-child\" data-id=\"ec37bbf\" data-element_type=\"container\">\n\t\t<div class=\"elementor-element elementor-element-2d466dc e-con-full unfold-content e-flex e-con e-child\" data-id=\"2d466dc\" data-element_type=\"container\">\n\t\t\t\t<div class=\"elementor-element elementor-element-d8e823a elementor-widget elementor-widget-heading\" data-id=\"d8e823a\" data-element_type=\"widget\" data-widget_type=\"heading.default\">\n\t\t\t\t<div class=\"elementor-widget-container\">\n\t\t\t\t\t<h2 class=\"elementor-heading-title elementor-size-default\">Monitoring of gaseous emissions<\/h2>\t\t\t\t<\/div>\n\t\t\t\t<\/div>\n\t\t\t\t<div class=\"elementor-element elementor-element-829478e elementor-widget elementor-widget-text-editor\" data-id=\"829478e\" data-element_type=\"widget\" data-widget_type=\"text-editor.default\">\n\t\t\t\t<div class=\"elementor-widget-container\">\n\t\t\t\t\t\t\t\t\t<p>Industrial processes whose activity emits gaseous effluents into the atmosphere do so in accordance with an emission license granted by the APA \u2013 Portuguese Environment Agency or by local authorities (CCDR). This license defines the emission limits for the various pollutants associated with the industrial process.<\/p><p>Emitting industries may have installed continuous emission monitoring systems (CEMS) that provide real-time information on atmospheric emissions or may be subject to periodic emission assessments. In either case, independent tests must be carried out. These tests must be conducted by external entities accredited by IPAC \u2013 the Portuguese accreditation institute for testing in accordance with EN ISO\/IEC 17025.<\/p>\t\t\t\t\t\t\t\t<\/div>\n\t\t\t\t<\/div>\n\t\t\t\t<\/div>\n\t\t\t\t<div class=\"elementor-element elementor-element-b514384 elementor-widget-divider--view-line elementor-widget elementor-widget-divider\" data-id=\"b514384\" data-element_type=\"widget\" data-widget_type=\"divider.default\">\n\t\t\t\t<div class=\"elementor-widget-container\">\n\t\t\t\t\t\t\t<div class=\"elementor-divider\">\n\t\t\t<span class=\"elementor-divider-separator\">\n\t\t\t\t\t\t<\/span>\n\t\t<\/div>\n\t\t\t\t\t\t<\/div>\n\t\t\t\t<\/div>\n\t\t\t\t<div class=\"elementor-element elementor-element-ec83680 unfold-btn elementor-align-center elementor-widget elementor-widget-button\" data-id=\"ec83680\" data-element_type=\"widget\" data-widget_type=\"button.default\">\n\t\t\t\t<div class=\"elementor-widget-container\">\n\t\t\t\t\t\t\t\t\t<div class=\"elementor-button-wrapper\">\n\t\t\t\t\t<a class=\"elementor-button elementor-size-sm\" role=\"button\">\n\t\t\t\t\t\t<span class=\"elementor-button-content-wrapper\">\n\t\t\t\t\t\t\t\t\t<span class=\"elementor-button-text\"><i class=\"unfold-icon fas fa-chevron-down\"><\/i> <\/span>\n\t\t\t\t\t<\/span>\n\t\t\t\t\t<\/a>\n\t\t\t\t<\/div>\n\t\t\t\t\t\t\t\t<\/div>\n\t\t\t\t<\/div>\n\t\t\t\t<\/div>\n\t\t\t\t<\/div>\n\t\t\t\t<\/div>\n\t\t<div class=\"elementor-element elementor-element-6216e36 e-con-full box-content e-flex e-con e-child\" data-id=\"6216e36\" data-element_type=\"container\">\n\t\t<div class=\"elementor-element elementor-element-006a80c e-con-full unfold-content-long e-flex e-con e-child\" data-id=\"006a80c\" data-element_type=\"container\">\n\t\t<div class=\"elementor-element elementor-element-6f8d2f5 e-con-full e-flex e-con e-child\" data-id=\"6f8d2f5\" data-element_type=\"container\">\n\t\t<div class=\"elementor-element elementor-element-5ca8c7b e-con-full e-flex e-con e-child\" data-id=\"5ca8c7b\" data-element_type=\"container\">\n\t\t<div class=\"elementor-element elementor-element-39bcb3f e-con-full e-flex e-con e-child\" data-id=\"39bcb3f\" data-element_type=\"container\">\n\t\t\t\t<div class=\"elementor-element elementor-element-8939de9 elementor-widget elementor-widget-heading\" data-id=\"8939de9\" data-element_type=\"widget\" data-widget_type=\"heading.default\">\n\t\t\t\t<div class=\"elementor-widget-container\">\n\t\t\t\t\t<h2 class=\"elementor-heading-title elementor-size-default\">Verification of continuous emission monitoring systems (CEMS) - EN 14181<\/h2>\t\t\t\t<\/div>\n\t\t\t\t<\/div>\n\t\t\t\t<div class=\"elementor-element elementor-element-8257806 elementor-widget elementor-widget-text-editor\" data-id=\"8257806\" data-element_type=\"widget\" data-widget_type=\"text-editor.default\">\n\t\t\t\t<div class=\"elementor-widget-container\">\n\t\t\t\t\t\t\t\t\t<p>SONDAR.i has a specialized field team dedicated to the verification of continuous emission monitoring systems (CEMS) according to EN 14181.<br \/>The EN 14181 standard \u2013 Stationary source emissions \u2013 Quality assurance of automated measuring systems aims to ensure that measurements taken to monitor limit values, through continuous measurement systems, comply with the quality assurance requirements specified therein, covering 4 levels of quality assurance:<\/p>\t\t\t\t\t\t\t\t<\/div>\n\t\t\t\t<\/div>\n\t\t\t\t<\/div>\n\t\t<div class=\"elementor-element elementor-element-25372ba e-con-full e-flex e-con e-child\" data-id=\"25372ba\" data-element_type=\"container\">\n\t\t\t\t<div class=\"elementor-element elementor-element-a6e2cbe elementor-widget elementor-widget-image\" data-id=\"a6e2cbe\" data-element_type=\"widget\" data-widget_type=\"image.default\">\n\t\t\t\t<div class=\"elementor-widget-container\">\n\t\t\t\t\t\t\t\t\t\t\t\t\t\t\t<img decoding=\"async\" width=\"765\" height=\"455\" src=\"https:\/\/sondargroup.com\/wp-content\/uploads\/2025\/03\/Image-Servicos-02.webp\" class=\"attachment-large size-large wp-image-976\" alt=\"\" srcset=\"https:\/\/sondargroup.com\/wp-content\/uploads\/2025\/03\/Image-Servicos-02.webp 765w, https:\/\/sondargroup.com\/wp-content\/uploads\/2025\/03\/Image-Servicos-02-300x178.webp 300w, https:\/\/sondargroup.com\/wp-content\/uploads\/2025\/03\/Image-Servicos-02-18x12.webp 18w\" sizes=\"(max-width: 765px) 100vw, 765px\" \/>\t\t\t\t\t\t\t\t\t\t\t\t\t\t\t<\/div>\n\t\t\t\t<\/div>\n\t\t\t\t<\/div>\n\t\t\t\t<\/div>\n\t\t<div class=\"elementor-element elementor-element-bae2f7c e-con-full e-flex e-con e-child\" data-id=\"bae2f7c\" data-element_type=\"container\">\n\t\t<div class=\"elementor-element elementor-element-8a0bbfb e-con-full e-flex e-con e-child\" data-id=\"8a0bbfb\" data-element_type=\"container\">\n\t\t\t\t<div class=\"elementor-element elementor-element-3fada97 elementor-widget elementor-widget-image\" data-id=\"3fada97\" data-element_type=\"widget\" data-widget_type=\"image.default\">\n\t\t\t\t<div class=\"elementor-widget-container\">\n\t\t\t\t\t\t\t\t\t\t\t\t\t\t\t<img decoding=\"async\" width=\"800\" height=\"800\" src=\"https:\/\/sondargroup.com\/wp-content\/uploads\/2025\/03\/Icon-QAL-01.svg\" class=\"attachment-large size-large wp-image-1011\" alt=\"\" \/>\t\t\t\t\t\t\t\t\t\t\t\t\t\t\t<\/div>\n\t\t\t\t<\/div>\n\t\t\t\t<div class=\"elementor-element elementor-element-36045bc elementor-widget elementor-widget-text-editor\" data-id=\"36045bc\" data-element_type=\"widget\" data-widget_type=\"text-editor.default\">\n\t\t\t\t<div class=\"elementor-widget-container\">\n\t\t\t\t\t\t\t\t\t<p style=\"text-align: center;\"><span style=\"white-space-collapse: preserve;\">Level of assurance that the monitoring equipment (AMS) prior to installation is suitable for the function it will perform;<\/span><\/p>\t\t\t\t\t\t\t\t<\/div>\n\t\t\t\t<\/div>\n\t\t\t\t<\/div>\n\t\t<div class=\"elementor-element elementor-element-8b897b4 e-con-full e-flex e-con e-child\" data-id=\"8b897b4\" data-element_type=\"container\">\n\t\t\t\t<div class=\"elementor-element elementor-element-e022aef elementor-widget elementor-widget-image\" data-id=\"e022aef\" data-element_type=\"widget\" data-widget_type=\"image.default\">\n\t\t\t\t<div class=\"elementor-widget-container\">\n\t\t\t\t\t\t\t\t\t\t\t\t\t\t\t<img loading=\"lazy\" decoding=\"async\" width=\"800\" height=\"800\" src=\"https:\/\/sondargroup.com\/wp-content\/uploads\/2025\/03\/Icon-QAL-02.svg\" class=\"attachment-large size-large wp-image-1012\" alt=\"\" \/>\t\t\t\t\t\t\t\t\t\t\t\t\t\t\t<\/div>\n\t\t\t\t<\/div>\n\t\t\t\t<div class=\"elementor-element elementor-element-5dfa766 elementor-widget elementor-widget-text-editor\" data-id=\"5dfa766\" data-element_type=\"widget\" data-widget_type=\"text-editor.default\">\n\t\t\t\t<div class=\"elementor-widget-container\">\n\t\t\t\t\t\t\t\t\t<p style=\"text-align: center;\">Procedure for calibrating continuous monitoring equipment after its installation, subsequently verifying whether the AMS meets the requirements specified in the European Union Directives;<\/p>\t\t\t\t\t\t\t\t<\/div>\n\t\t\t\t<\/div>\n\t\t\t\t<\/div>\n\t\t<div class=\"elementor-element elementor-element-cfdd6e9 e-con-full e-flex e-con e-child\" data-id=\"cfdd6e9\" data-element_type=\"container\">\n\t\t\t\t<div class=\"elementor-element elementor-element-38ace93 elementor-widget elementor-widget-image\" data-id=\"38ace93\" data-element_type=\"widget\" data-widget_type=\"image.default\">\n\t\t\t\t<div class=\"elementor-widget-container\">\n\t\t\t\t\t\t\t\t\t\t\t\t\t\t\t<img loading=\"lazy\" decoding=\"async\" width=\"800\" height=\"800\" src=\"https:\/\/sondargroup.com\/wp-content\/uploads\/2025\/03\/Icon-QAL-03.svg\" class=\"attachment-large size-large wp-image-1013\" alt=\"\" \/>\t\t\t\t\t\t\t\t\t\t\t\t\t\t\t<\/div>\n\t\t\t\t<\/div>\n\t\t\t\t<div class=\"elementor-element elementor-element-6cd2693 elementor-widget elementor-widget-text-editor\" data-id=\"6cd2693\" data-element_type=\"widget\" data-widget_type=\"text-editor.default\">\n\t\t\t\t<div class=\"elementor-widget-container\">\n\t\t\t\t\t\t\t\t\t<p style=\"text-align: center;\">Verification and maintenance procedure that demonstrates that the above quality levels are maintained during its normal operating process;<\/p>\t\t\t\t\t\t\t\t<\/div>\n\t\t\t\t<\/div>\n\t\t\t\t<\/div>\n\t\t<div class=\"elementor-element elementor-element-cee5b1d e-con-full e-flex e-con e-child\" data-id=\"cee5b1d\" data-element_type=\"container\">\n\t\t\t\t<div class=\"elementor-element elementor-element-ae0edbf elementor-widget elementor-widget-image\" data-id=\"ae0edbf\" data-element_type=\"widget\" data-widget_type=\"image.default\">\n\t\t\t\t<div class=\"elementor-widget-container\">\n\t\t\t\t\t\t\t\t\t\t\t\t\t\t\t<img loading=\"lazy\" decoding=\"async\" width=\"800\" height=\"800\" src=\"https:\/\/sondargroup.com\/wp-content\/uploads\/2025\/03\/Icon-AST.svg\" class=\"attachment-large size-large wp-image-1010\" alt=\"\" \/>\t\t\t\t\t\t\t\t\t\t\t\t\t\t\t<\/div>\n\t\t\t\t<\/div>\n\t\t\t\t<div class=\"elementor-element elementor-element-1edac8f elementor-widget elementor-widget-text-editor\" data-id=\"1edac8f\" data-element_type=\"widget\" data-widget_type=\"text-editor.default\">\n\t\t\t\t<div class=\"elementor-widget-container\">\n\t\t\t\t\t\t\t\t\t<p style=\"text-align: center;\">Annual control procedure that demonstrates that the equipment meets the requirements determined in QAL 2.<\/p>\t\t\t\t\t\t\t\t<\/div>\n\t\t\t\t<\/div>\n\t\t\t\t<\/div>\n\t\t\t\t<\/div>\n\t\t\t\t<\/div>\n\t\t\t\t<\/div>\n\t\t\t\t<div class=\"elementor-element elementor-element-0281b3f elementor-widget-divider--view-line elementor-widget elementor-widget-divider\" data-id=\"0281b3f\" data-element_type=\"widget\" data-widget_type=\"divider.default\">\n\t\t\t\t<div class=\"elementor-widget-container\">\n\t\t\t\t\t\t\t<div class=\"elementor-divider\">\n\t\t\t<span class=\"elementor-divider-separator\">\n\t\t\t\t\t\t<\/span>\n\t\t<\/div>\n\t\t\t\t\t\t<\/div>\n\t\t\t\t<\/div>\n\t\t\t\t<div class=\"elementor-element elementor-element-402582a unfold-btn-long elementor-align-center elementor-widget elementor-widget-button\" data-id=\"402582a\" data-element_type=\"widget\" data-widget_type=\"button.default\">\n\t\t\t\t<div class=\"elementor-widget-container\">\n\t\t\t\t\t\t\t\t\t<div class=\"elementor-button-wrapper\">\n\t\t\t\t\t<a class=\"elementor-button elementor-size-sm\" role=\"button\">\n\t\t\t\t\t\t<span class=\"elementor-button-content-wrapper\">\n\t\t\t\t\t\t\t\t\t<span class=\"elementor-button-text\"><i class=\"unfold-icon fas fa-chevron-down\"><\/i> <\/span>\n\t\t\t\t\t<\/span>\n\t\t\t\t\t<\/a>\n\t\t\t\t<\/div>\n\t\t\t\t\t\t\t\t<\/div>\n\t\t\t\t<\/div>\n\t\t\t\t<\/div>\n\t\t<div class=\"elementor-element elementor-element-06cb75d e-con-full box-content e-flex e-con e-child\" data-id=\"06cb75d\" data-element_type=\"container\">\n\t\t<div class=\"elementor-element elementor-element-f5b2e91 e-con-full e-flex e-con e-child\" data-id=\"f5b2e91\" data-element_type=\"container\">\n\t\t<div class=\"elementor-element elementor-element-27e0dfa e-con-full e-flex e-con e-child\" data-id=\"27e0dfa\" data-element_type=\"container\">\n\t\t\t\t<div class=\"elementor-element elementor-element-80d106a elementor-widget elementor-widget-image\" data-id=\"80d106a\" data-element_type=\"widget\" data-widget_type=\"image.default\">\n\t\t\t\t<div class=\"elementor-widget-container\">\n\t\t\t\t\t\t\t\t\t\t\t\t\t\t\t<img loading=\"lazy\" decoding=\"async\" width=\"765\" height=\"455\" src=\"https:\/\/sondargroup.com\/wp-content\/uploads\/2025\/03\/Image-Servicos-03.webp\" class=\"attachment-large size-large wp-image-1026\" alt=\"\" srcset=\"https:\/\/sondargroup.com\/wp-content\/uploads\/2025\/03\/Image-Servicos-03.webp 765w, https:\/\/sondargroup.com\/wp-content\/uploads\/2025\/03\/Image-Servicos-03-300x178.webp 300w, https:\/\/sondargroup.com\/wp-content\/uploads\/2025\/03\/Image-Servicos-03-18x12.webp 18w\" sizes=\"(max-width: 765px) 100vw, 765px\" \/>\t\t\t\t\t\t\t\t\t\t\t\t\t\t\t<\/div>\n\t\t\t\t<\/div>\n\t\t\t\t<\/div>\n\t\t<div class=\"elementor-element elementor-element-e1b7648 e-con-full e-flex e-con e-child\" data-id=\"e1b7648\" data-element_type=\"container\">\n\t\t<div class=\"elementor-element elementor-element-94e0a1e e-con-full unfold-content e-flex e-con e-child\" data-id=\"94e0a1e\" data-element_type=\"container\">\n\t\t\t\t<div class=\"elementor-element elementor-element-3fbd0c9 elementor-widget elementor-widget-heading\" data-id=\"3fbd0c9\" data-element_type=\"widget\" data-widget_type=\"heading.default\">\n\t\t\t\t<div class=\"elementor-widget-container\">\n\t\t\t\t\t<h2 class=\"elementor-heading-title elementor-size-default\">\"In situ\" equipment calibration<\/h2>\t\t\t\t<\/div>\n\t\t\t\t<\/div>\n\t\t\t\t<div class=\"elementor-element elementor-element-ee28ae8 elementor-widget elementor-widget-text-editor\" data-id=\"ee28ae8\" data-element_type=\"widget\" data-widget_type=\"text-editor.default\">\n\t\t\t\t<div class=\"elementor-widget-container\">\n\t\t\t\t\t\t\t\t\t<p>Calibration of \u201cin situ\u201d equipment for all types of combustion and particle emission sources.<\/p><p><strong>SONDAR.i is currently accredited to carry out tests on the following parameters, among others:<\/strong><\/p><p>Particles; Hydrogen sulfide, H2S; Carbon monoxide, CO; Carbon dioxide, CO2; Oxygen, O2; Sulfur dioxide, SO2; Nitrogen oxides, NOx; Total organic compounds, TVOC; Absolute humidity; temperature; velocity and pressure; Non-methane volatile organic compounds, NMVOC; Methane; TRS; Fluorides; Chlorides; Nitrous oxide (N2O); Chlorodibenzodioxins; Chlorodibenzofurans; PAHs (polycyclic aromatic hydrocarbons); Heavy metals; Ammonia (NH3); PM10, PM2.5; HCl, HBr, HF and halogenated compounds [Cl2,Br2]; PCBs.<\/p>\t\t\t\t\t\t\t\t<\/div>\n\t\t\t\t<\/div>\n\t\t\t\t<\/div>\n\t\t\t\t<div class=\"elementor-element elementor-element-1008418 elementor-widget-divider--view-line elementor-widget elementor-widget-divider\" data-id=\"1008418\" data-element_type=\"widget\" data-widget_type=\"divider.default\">\n\t\t\t\t<div class=\"elementor-widget-container\">\n\t\t\t\t\t\t\t<div class=\"elementor-divider\">\n\t\t\t<span class=\"elementor-divider-separator\">\n\t\t\t\t\t\t<\/span>\n\t\t<\/div>\n\t\t\t\t\t\t<\/div>\n\t\t\t\t<\/div>\n\t\t\t\t<div class=\"elementor-element elementor-element-c78f027 unfold-btn elementor-align-center elementor-widget elementor-widget-button\" data-id=\"c78f027\" data-element_type=\"widget\" data-widget_type=\"button.default\">\n\t\t\t\t<div class=\"elementor-widget-container\">\n\t\t\t\t\t\t\t\t\t<div class=\"elementor-button-wrapper\">\n\t\t\t\t\t<a class=\"elementor-button elementor-size-sm\" role=\"button\">\n\t\t\t\t\t\t<span class=\"elementor-button-content-wrapper\">\n\t\t\t\t\t\t\t\t\t<span class=\"elementor-button-text\"><i class=\"unfold-icon fas fa-chevron-down\"><\/i> <\/span>\n\t\t\t\t\t<\/span>\n\t\t\t\t\t<\/a>\n\t\t\t\t<\/div>\n\t\t\t\t\t\t\t\t<\/div>\n\t\t\t\t<\/div>\n\t\t\t\t<\/div>\n\t\t\t\t<\/div>\n\t\t\t\t<\/div>\n\t\t<div class=\"elementor-element elementor-element-91b8b5a e-con-full e-flex e-con e-child\" data-id=\"91b8b5a\" data-element_type=\"container\" data-settings=\"{&quot;background_background&quot;:&quot;classic&quot;}\">\n\t\t\t\t<div class=\"elementor-element elementor-element-dd86e3d elementor-widget elementor-widget-heading\" data-id=\"dd86e3d\" data-element_type=\"widget\" data-widget_type=\"heading.default\">\n\t\t\t\t<div class=\"elementor-widget-container\">\n\t\t\t\t\t<h2 class=\"elementor-heading-title elementor-size-default\">CONTACT US<\/h2>\t\t\t\t<\/div>\n\t\t\t\t<\/div>\n\t\t\t\t<div class=\"elementor-element elementor-element-0e0e888 elementor-button-align-start elementor-widget elementor-widget-form\" data-id=\"0e0e888\" data-element_type=\"widget\" data-settings=\"{&quot;step_next_label&quot;:&quot;PR\\u00d6XIMO&quot;,&quot;step_previous_label&quot;:&quot;ANTERIOR&quot;,&quot;button_width&quot;:&quot;100&quot;,&quot;step_type&quot;:&quot;number_text&quot;,&quot;step_icon_shape&quot;:&quot;circle&quot;}\" data-widget_type=\"form.default\">\n\t\t\t\t<div class=\"elementor-widget-container\">\n\t\t\t\t\t\t\t<form class=\"elementor-form\" method=\"post\" name=\"Form de Contacto\" action=\"\">\n\t\t\t<input type=\"hidden\" name=\"post_id\" value=\"1453\"\/>\n\t\t\t<input type=\"hidden\" name=\"form_id\" value=\"0e0e888\"\/>\n\t\t\t<input type=\"hidden\" name=\"referer_title\" value=\"Sondar.i Servi\u00e7os Backup\" \/>\n\n\t\t\t\t\t\t\t<input type=\"hidden\" name=\"queried_id\" value=\"1453\"\/>\n\t\t\t\n\t\t\t<div class=\"elementor-form-fields-wrapper elementor-labels-\">\n\t\t\t\t\t\t\t\t<div class=\"elementor-field-type-text elementor-field-group elementor-column elementor-field-group-name elementor-col-100 elementor-field-required\">\n\t\t\t\t\t\t\t\t\t\t\t\t<label for=\"form-field-name\" class=\"elementor-field-label elementor-screen-only\">\n\t\t\t\t\t\t\t\tName\t\t\t\t\t\t\t<\/label>\n\t\t\t\t\t\t\t\t\t\t\t\t\t\t<input size=\"1\" type=\"text\" name=\"form_fields[name]\" id=\"form-field-name\" class=\"elementor-field elementor-size-sm  elementor-field-textual\" placeholder=\"Name*\" required=\"required\">\n\t\t\t\t\t\t\t\t\t\t\t<\/div>\n\t\t\t\t\t\t\t\t<div class=\"elementor-field-type-text elementor-field-group elementor-column elementor-field-group-field_be03957 elementor-col-100\">\n\t\t\t\t\t\t\t\t\t\t\t\t<label for=\"form-field-field_be03957\" class=\"elementor-field-label elementor-screen-only\">\n\t\t\t\t\t\t\t\tName\t\t\t\t\t\t\t<\/label>\n\t\t\t\t\t\t\t\t\t\t\t\t\t\t<input size=\"1\" type=\"text\" name=\"form_fields[field_be03957]\" id=\"form-field-field_be03957\" class=\"elementor-field elementor-size-sm  elementor-field-textual\" placeholder=\"Name da Empresa\">\n\t\t\t\t\t\t\t\t\t\t\t<\/div>\n\t\t\t\t\t\t\t\t<div class=\"elementor-field-type-email elementor-field-group elementor-column elementor-field-group-email elementor-col-100 elementor-field-required\">\n\t\t\t\t\t\t\t\t\t\t\t\t<label for=\"form-field-email\" class=\"elementor-field-label elementor-screen-only\">\n\t\t\t\t\t\t\t\tEmail\t\t\t\t\t\t\t<\/label>\n\t\t\t\t\t\t\t\t\t\t\t\t\t\t<input size=\"1\" type=\"email\" name=\"form_fields[email]\" id=\"form-field-email\" class=\"elementor-field elementor-size-sm  elementor-field-textual\" placeholder=\"Email*\" required=\"required\">\n\t\t\t\t\t\t\t\t\t\t\t<\/div>\n\t\t\t\t\t\t\t\t<div class=\"elementor-field-type-textarea elementor-field-group elementor-column elementor-field-group-message elementor-col-100 elementor-field-required\">\n\t\t\t\t\t\t\t\t\t\t\t\t<label for=\"form-field-message\" class=\"elementor-field-label elementor-screen-only\">\n\t\t\t\t\t\t\t\tMessage\t\t\t\t\t\t\t<\/label>\n\t\t\t\t\t\t<textarea class=\"elementor-field-textual elementor-field  elementor-size-sm\" name=\"form_fields[message]\" id=\"form-field-message\" rows=\"4\" placeholder=\"Message*\" required=\"required\"><\/textarea>\t\t\t\t<\/div>\n\t\t\t\t\t\t\t\t<div class=\"elementor-field-group elementor-column elementor-field-type-submit elementor-col-100 e-form__buttons\">\n\t\t\t\t\t<button class=\"elementor-button elementor-size-sm\" type=\"submit\">\n\t\t\t\t\t\t<span class=\"elementor-button-content-wrapper\">\n\t\t\t\t\t\t\t\t\t\t\t\t\t\t\t\t\t\t\t\t\t\t<span class=\"elementor-button-text\">SUBMIT<\/span>\n\t\t\t\t\t\t\t\t\t\t\t\t\t<\/span>\n\t\t\t\t\t<\/button>\n\t\t\t\t<\/div>\n\t\t\t<\/div>\n\t\t<input type=\"hidden\" name=\"trp-form-language\" value=\"en\"\/><\/form>\n\t\t\t\t\t\t<\/div>\n\t\t\t\t<\/div>\n\t\t\t\t<\/div>\n\t\t\t\t<\/div>\n\t\t\t\t<\/div>","protected":false},"excerpt":{"rendered":"<p>Servi\u00e7os Monitoriza\u00e7\u00e3o de emiss\u00f5es gasosas Os processos industriais cuja atividade emite efluentes gasosos para a atmosfera fazem-no de acordo com uma licen\u00e7a de emiss\u00e3o concedida pela APA \u2013 Ag\u00eancia Portuguesa do Ambiente ou pelas autoridades locais (CCDR). Esta licen\u00e7a define os limites de emiss\u00e3o dos diversos poluentes associados ao processo industrial. As ind\u00fastrias emissoras podem [&hellip;]<\/p>","protected":false},"author":5,"featured_media":0,"parent":0,"menu_order":0,"comment_status":"closed","ping_status":"closed","template":"elementor_header_footer","meta":{"inline_featured_image":false,"footnotes":""},"class_list":["post-1453","page","type-page","status-publish","hentry"],"_links":{"self":[{"href":"https:\/\/sondargroup.com\/en\/wp-json\/wp\/v2\/pages\/1453","targetHints":{"allow":["GET"]}}],"collection":[{"href":"https:\/\/sondargroup.com\/en\/wp-json\/wp\/v2\/pages"}],"about":[{"href":"https:\/\/sondargroup.com\/en\/wp-json\/wp\/v2\/types\/page"}],"author":[{"embeddable":true,"href":"https:\/\/sondargroup.com\/en\/wp-json\/wp\/v2\/users\/5"}],"replies":[{"embeddable":true,"href":"https:\/\/sondargroup.com\/en\/wp-json\/wp\/v2\/comments?post=1453"}],"version-history":[{"count":2,"href":"https:\/\/sondargroup.com\/en\/wp-json\/wp\/v2\/pages\/1453\/revisions"}],"predecessor-version":[{"id":2160,"href":"https:\/\/sondargroup.com\/en\/wp-json\/wp\/v2\/pages\/1453\/revisions\/2160"}],"wp:attachment":[{"href":"https:\/\/sondargroup.com\/en\/wp-json\/wp\/v2\/media?parent=1453"}],"curies":[{"name":"wp","href":"https:\/\/api.w.org\/{rel}","templated":true}]}}