{"id":61,"date":"2025-03-18T17:23:14","date_gmt":"2025-03-18T17:23:14","guid":{"rendered":"https:\/\/sondargroup.com\/?page_id=61"},"modified":"2025-05-23T13:10:17","modified_gmt":"2025-05-23T13:10:17","slug":"fundos","status":"publish","type":"page","link":"https:\/\/sondargroup.com\/en\/fundos\/","title":{"rendered":"Funds"},"content":{"rendered":"<div data-elementor-type=\"wp-page\" data-elementor-id=\"61\" class=\"elementor elementor-61\" data-elementor-post-type=\"page\">\n\t\t\t\t<div class=\"elementor-element elementor-element-556c2e2 e-con-full e-flex e-con e-parent\" data-id=\"556c2e2\" data-element_type=\"container\" data-settings=\"{&quot;background_background&quot;:&quot;classic&quot;}\">\n\t\t<div class=\"elementor-element elementor-element-e6a3552 e-con-full e-flex e-con e-child\" data-id=\"e6a3552\" data-element_type=\"container\">\n\t\t\t\t<div class=\"elementor-element elementor-element-00a3316 elementor-widget elementor-widget-heading\" data-id=\"00a3316\" data-element_type=\"widget\" data-widget_type=\"heading.default\">\n\t\t\t\t<div class=\"elementor-widget-container\">\n\t\t\t\t\t<h2 class=\"elementor-heading-title elementor-size-default\">Funds<\/h2>\t\t\t\t<\/div>\n\t\t\t\t<\/div>\n\t\t\t\t<\/div>\n\t\t\t\t<\/div>\n\t\t<div class=\"elementor-element elementor-element-a286ded e-con-full e-flex e-con e-parent\" data-id=\"a286ded\" data-element_type=\"container\">\n\t\t<div class=\"elementor-element elementor-element-5e07c06 e-con-full box-content e-flex e-con e-child\" data-id=\"5e07c06\" data-element_type=\"container\">\n\t\t<div class=\"elementor-element elementor-element-c606c27 e-con-full e-flex e-con e-child\" data-id=\"c606c27\" data-element_type=\"container\">\n\t\t\t\t<div class=\"elementor-element elementor-element-2e9756a elementor-invisible elementor-widget elementor-widget-heading\" data-id=\"2e9756a\" data-element_type=\"widget\" data-settings=\"{&quot;_animation&quot;:&quot;fadeInUp&quot;}\" data-widget_type=\"heading.default\">\n\t\t\t\t<div class=\"elementor-widget-container\">\n\t\t\t\t\t<h2 class=\"elementor-heading-title elementor-size-default\">PORTUGAL 2030<\/h2>\t\t\t\t<\/div>\n\t\t\t\t<\/div>\n\t\t\t\t<div class=\"elementor-element elementor-element-434cfe6 elementor-widget elementor-widget-embedpress_pdf\" data-id=\"434cfe6\" data-element_type=\"widget\" data-widget_type=\"embedpress_pdf.default\">\n\t\t\t\t<div class=\"elementor-widget-container\">\n\t\t\t\t\t    <div class=\"embedpress-document-embed ep-doc-839f42d5acc96fcce68f1fef0c33028d ose-document emebedpress-unit-percent\" data-thememode=\"default\" data-customcolor=\"\" data-toolbar=\"yes\" data-toolbar-position=\"top\" data-open=\"no\" data-presentation-mode=\"yes\" data-download=\"yes\" data-copy=\"yes\" data-add-image=\"yes\" data-rotate=\"yes\" data-details=\"yes\" data-id=\"embedpress-pdf-434cfe6\" data-selection-tool=\"0\" data-scrolling=\"0\" data-spreads=\"-1\" style=\" max-width:100%; display: inline-block\">\n        \n        \n                <div >\n                \n                    <div id=\"ep-elementor-content-434cfe6\" class=\"ep-elementor-content   ep-percentage-width   ep-content-protection-disabled\">\n                        <div id=\"434cfe6\" class=\"ep-embed-content-wraper\">\n                            <div><iframe title=\"Ficha_Operacao_CENTRO2030-FEDER-00389900_SONDARi\" class=\"embedpress-embed-document-pdf embedpress-pdf-434cfe6\" style=\"width: 600%!important;height: 600px;; max-width:100%; display: inline-block\" src=\"https:\/\/sondargroup.com\/wp-admin\/admin-ajax.php?action=get_viewer&#038;file=https%3A%2F%2Fsondargroup.com%2Fwp-content%2Fuploads%2F2025%2F05%2FFicha_Operacao_CENTRO2030-FEDER-00389900_SONDARi.pdf&#038;scrolling=0&#038;selection_tool=0&#038;spreads=-1#key=dGhlbWVNb2RlPWRlZmF1bHQmdG9vbGJhcj10cnVlJnBvc2l0aW9uPXRvcCZwcmVzZW50YXRpb249dHJ1ZSZsYXp5TG9hZD1mYWxzZSZkb3dubG9hZD10cnVlJmNvcHlfdGV4dD10cnVlJmFkZF90ZXh0PXRydWUmZHJhdz10cnVlJmFkZF9pbWFnZT10cnVlJnBkZl9yb3RhdGlvbj10cnVlJnBkZl9kZXRhaWxzPXRydWUmem9vbV9pbj10cnVlJnpvb21fb3V0PXRydWUmZml0X3ZpZXc9dHJ1ZSZib29rbWFyaz10cnVlJmZsaXBib29rX3Rvb2xiYXJfcG9zaXRpb249Ym90dG9tJnNlbGVjdGlvbl90b29sPTAmc2Nyb2xsaW5nPTAmc3ByZWFkcz0tMSZpc19wcm9fYWN0aXZlPTA=&#038;zoom=auto\" data-emid=\"embedpress-pdf-434cfe6\" frameborder=\"0\"><\/iframe><p class=\"embedpress-el-powered\">Powered By EmbedPress<\/p><\/div>                        <\/div> \n\n                    <\/div>\n        \n\n                                    <\/div>\n            \n    <\/div>\n\n\t\t\t\t<\/div>\n\t\t\t\t<\/div>\n\t\t\t\t<div class=\"elementor-element elementor-element-9b71cf4 elementor-widget elementor-widget-text-editor\" data-id=\"9b71cf4\" data-element_type=\"widget\" data-widget_type=\"text-editor.default\">\n\t\t\t\t<div class=\"elementor-widget-container\">\n\t\t\t\t\t\t\t\t\t<p><strong>Co-financed by:<\/strong>\u00a0<\/p>\t\t\t\t\t\t\t\t<\/div>\n\t\t\t\t<\/div>\n\t\t\t\t<div class=\"elementor-element elementor-element-6291db8 elementor-widget elementor-widget-image\" data-id=\"6291db8\" data-element_type=\"widget\" data-widget_type=\"image.default\">\n\t\t\t\t<div class=\"elementor-widget-container\">\n\t\t\t\t\t\t\t\t\t\t\t\t\t\t\t<img fetchpriority=\"high\" decoding=\"async\" width=\"2000\" height=\"229\" src=\"https:\/\/sondargroup.com\/wp-content\/uploads\/2025\/05\/CENTRO2030_BarraCofinan_Ass_RGB.webp\" class=\"attachment-full size-full wp-image-2176\" alt=\"\" srcset=\"https:\/\/sondargroup.com\/wp-content\/uploads\/2025\/05\/CENTRO2030_BarraCofinan_Ass_RGB.webp 2000w, https:\/\/sondargroup.com\/wp-content\/uploads\/2025\/05\/CENTRO2030_BarraCofinan_Ass_RGB-300x34.webp 300w, https:\/\/sondargroup.com\/wp-content\/uploads\/2025\/05\/CENTRO2030_BarraCofinan_Ass_RGB-1024x117.webp 1024w, https:\/\/sondargroup.com\/wp-content\/uploads\/2025\/05\/CENTRO2030_BarraCofinan_Ass_RGB-768x88.webp 768w, https:\/\/sondargroup.com\/wp-content\/uploads\/2025\/05\/CENTRO2030_BarraCofinan_Ass_RGB-1536x176.webp 1536w, https:\/\/sondargroup.com\/wp-content\/uploads\/2025\/05\/CENTRO2030_BarraCofinan_Ass_RGB-18x2.webp 18w\" sizes=\"(max-width: 2000px) 100vw, 2000px\" \/>\t\t\t\t\t\t\t\t\t\t\t\t\t\t\t<\/div>\n\t\t\t\t<\/div>\n\t\t\t\t<\/div>\n\t\t\t\t<\/div>\n\t\t\t\t<div class=\"elementor-element elementor-element-5feb88c elementor-widget-divider--view-line elementor-widget elementor-widget-divider\" data-id=\"5feb88c\" data-element_type=\"widget\" data-widget_type=\"divider.default\">\n\t\t\t\t<div class=\"elementor-widget-container\">\n\t\t\t\t\t\t\t<div class=\"elementor-divider\">\n\t\t\t<span class=\"elementor-divider-separator\">\n\t\t\t\t\t\t<\/span>\n\t\t<\/div>\n\t\t\t\t\t\t<\/div>\n\t\t\t\t<\/div>\n\t\t<div class=\"elementor-element elementor-element-3c95305 e-con-full box-content e-flex e-con e-child\" data-id=\"3c95305\" data-element_type=\"container\">\n\t\t<div class=\"elementor-element elementor-element-77fc6cf e-con-full e-flex e-con e-child\" data-id=\"77fc6cf\" data-element_type=\"container\">\n\t\t\t\t<div class=\"elementor-element elementor-element-f510f17 elementor-invisible elementor-widget elementor-widget-heading\" data-id=\"f510f17\" data-element_type=\"widget\" data-settings=\"{&quot;_animation&quot;:&quot;fadeInUp&quot;}\" data-widget_type=\"heading.default\">\n\t\t\t\t<div class=\"elementor-widget-container\">\n\t\t\t\t\t<h2 class=\"elementor-heading-title elementor-size-default\">PORTUGAL 2020<\/h2>\t\t\t\t<\/div>\n\t\t\t\t<\/div>\n\t\t\t\t<div class=\"elementor-element elementor-element-8962ca1 elementor-widget elementor-widget-text-editor\" data-id=\"8962ca1\" data-element_type=\"widget\" data-widget_type=\"text-editor.default\">\n\t\t\t\t<div class=\"elementor-widget-container\">\n\t\t\t\t\t\t\t\t\t<p><strong>Project name:<\/strong> Increased production capacity to carry out air quality tests<\/p><p><strong>Project code:<\/strong> n\u00ba 180302<\/p><p><strong>Main objective:<\/strong>\u00a0Strengthening the competitiveness of PMEs<\/p><p><strong>Intervention region:<\/strong> CENTRO-02-0853-FEDER-180302<\/p><p><strong>Beneficiary entity:<\/strong> SONDAR.I &#8211; AMOSTRAGENS E TECNOLOGIAS DO AR, LDA NIF 504057090<\/p><p><strong>Approval Date:<\/strong> 14-06-2022<\/p><p><strong>Start date:<\/strong> 28-05-2022<\/p><p><strong>Completion Date:<\/strong> 30-06-2023<\/p><p><strong>Total eligible cost:<\/strong> 137 535,00 \u20ac<\/p><p><strong>Financial support from the European Union<\/strong>:\u00a045 845,00 \u20ac<\/p><p><strong>Project objective:<\/strong>\u00a0Sondar.i aims to expand the capacity to measure traces of impurities in controlled and industrial environments, in addition to innovating in the development of a new specialized service, which is capable of assessing whether the equipment is complying with technical and regulatory requirements.<\/p>\t\t\t\t\t\t\t\t<\/div>\n\t\t\t\t<\/div>\n\t\t\t\t<div class=\"elementor-element elementor-element-25f21eb elementor-widget elementor-widget-text-editor\" data-id=\"25f21eb\" data-element_type=\"widget\" data-widget_type=\"text-editor.default\">\n\t\t\t\t<div class=\"elementor-widget-container\">\n\t\t\t\t\t\t\t\t\t<p><strong>Co-financed by:<\/strong>\u00a0<\/p>\t\t\t\t\t\t\t\t<\/div>\n\t\t\t\t<\/div>\n\t\t\t\t<div class=\"elementor-element elementor-element-1b33f56 elementor-widget elementor-widget-image\" data-id=\"1b33f56\" data-element_type=\"widget\" data-widget_type=\"image.default\">\n\t\t\t\t<div class=\"elementor-widget-container\">\n\t\t\t\t\t\t\t\t\t\t\t\t\t\t\t<img decoding=\"async\" width=\"2500\" height=\"208\" src=\"https:\/\/sondargroup.com\/wp-content\/uploads\/2025\/03\/Logos-PT2020-02.webp\" class=\"attachment-full size-full wp-image-1241\" alt=\"\" srcset=\"https:\/\/sondargroup.com\/wp-content\/uploads\/2025\/03\/Logos-PT2020-02.webp 2500w, https:\/\/sondargroup.com\/wp-content\/uploads\/2025\/03\/Logos-PT2020-02-300x25.webp 300w, https:\/\/sondargroup.com\/wp-content\/uploads\/2025\/03\/Logos-PT2020-02-1024x85.webp 1024w, https:\/\/sondargroup.com\/wp-content\/uploads\/2025\/03\/Logos-PT2020-02-768x64.webp 768w, https:\/\/sondargroup.com\/wp-content\/uploads\/2025\/03\/Logos-PT2020-02-1536x128.webp 1536w, https:\/\/sondargroup.com\/wp-content\/uploads\/2025\/03\/Logos-PT2020-02-2048x170.webp 2048w, https:\/\/sondargroup.com\/wp-content\/uploads\/2025\/03\/Logos-PT2020-02-18x1.webp 18w\" sizes=\"(max-width: 2500px) 100vw, 2500px\" \/>\t\t\t\t\t\t\t\t\t\t\t\t\t\t\t<\/div>\n\t\t\t\t<\/div>\n\t\t\t\t<\/div>\n\t\t\t\t<\/div>\n\t\t\t\t<\/div>\n\t\t\t\t<\/div>","protected":false},"excerpt":{"rendered":"<p>Fundos PORTUGAL 2030 Powered By EmbedPress Cofinanciado por:\u00a0 PORTUGAL 2020 Designa\u00e7\u00e3o do projeto: Aumento da capacidade produtiva para realiza\u00e7\u00e3o de testes da qualidade do ar C\u00f3digo do projeto: n\u00ba 180302 Objetivo principal:\u00a0Refor\u00e7ar a competitividade das PME Regi\u00e3o de interven\u00e7\u00e3o: CENTRO-02-0853-FEDER-180302 Entidade benefici\u00e1ria: SONDAR.I &#8211; AMOSTRAGENS E TECNOLOGIAS DO AR, LDA NIF 504057090 Data de Aprova\u00e7\u00e3o: [&hellip;]<\/p>","protected":false},"author":5,"featured_media":0,"parent":0,"menu_order":0,"comment_status":"closed","ping_status":"closed","template":"elementor_header_footer","meta":{"inline_featured_image":false,"footnotes":""},"class_list":["post-61","page","type-page","status-publish","hentry"],"_links":{"self":[{"href":"https:\/\/sondargroup.com\/en\/wp-json\/wp\/v2\/pages\/61","targetHints":{"allow":["GET"]}}],"collection":[{"href":"https:\/\/sondargroup.com\/en\/wp-json\/wp\/v2\/pages"}],"about":[{"href":"https:\/\/sondargroup.com\/en\/wp-json\/wp\/v2\/types\/page"}],"author":[{"embeddable":true,"href":"https:\/\/sondargroup.com\/en\/wp-json\/wp\/v2\/users\/5"}],"replies":[{"embeddable":true,"href":"https:\/\/sondargroup.com\/en\/wp-json\/wp\/v2\/comments?post=61"}],"version-history":[{"count":30,"href":"https:\/\/sondargroup.com\/en\/wp-json\/wp\/v2\/pages\/61\/revisions"}],"predecessor-version":[{"id":2202,"href":"https:\/\/sondargroup.com\/en\/wp-json\/wp\/v2\/pages\/61\/revisions\/2202"}],"wp:attachment":[{"href":"https:\/\/sondargroup.com\/en\/wp-json\/wp\/v2\/media?parent=61"}],"curies":[{"name":"wp","href":"https:\/\/api.w.org\/{rel}","templated":true}]}}