{"id":9,"date":"2025-03-18T17:18:32","date_gmt":"2025-03-18T17:18:32","guid":{"rendered":"https:\/\/sondargroup.com\/?page_id=9"},"modified":"2025-11-19T09:10:02","modified_gmt":"2025-11-19T09:10:02","slug":"sondar-i-sobre-nos","status":"publish","type":"page","link":"https:\/\/sondargroup.com\/en\/sondar-i-sobre-nos\/","title":{"rendered":"Sondar.i Sobre N\u00f3s"},"content":{"rendered":"<div data-elementor-type=\"wp-post\" data-elementor-id=\"9\" class=\"elementor elementor-9\" data-elementor-post-type=\"page\">\n\t\t\t\t<div class=\"elementor-element elementor-element-5d70760 e-con-full e-flex e-con e-parent\" data-id=\"5d70760\" data-element_type=\"container\" data-settings=\"{&quot;background_background&quot;:&quot;classic&quot;}\">\n\t\t<div class=\"elementor-element elementor-element-7e25829 e-con-full e-flex e-con e-child\" data-id=\"7e25829\" data-element_type=\"container\">\n\t\t\t\t<div class=\"elementor-element elementor-element-75036da elementor-widget elementor-widget-heading\" data-id=\"75036da\" data-element_type=\"widget\" data-widget_type=\"heading.default\">\n\t\t\t\t<div class=\"elementor-widget-container\">\n\t\t\t\t\t<h2 class=\"elementor-heading-title elementor-size-default\">About us<\/h2>\t\t\t\t<\/div>\n\t\t\t\t<\/div>\n\t\t\t\t<\/div>\n\t\t\t\t<\/div>\n\t\t<div class=\"elementor-element elementor-element-83debcb e-con-full e-flex e-con e-parent\" data-id=\"83debcb\" data-element_type=\"container\" data-settings=\"{&quot;background_background&quot;:&quot;classic&quot;}\">\n\t\t<div class=\"elementor-element elementor-element-57e800e e-con-full e-flex e-con e-child\" data-id=\"57e800e\" data-element_type=\"container\">\n\t\t<div class=\"elementor-element elementor-element-c2b212c e-con-full e-flex e-con e-child\" data-id=\"c2b212c\" data-element_type=\"container\">\n\t\t\t\t<div class=\"elementor-element elementor-element-435936c elementor-widget elementor-widget-heading\" data-id=\"435936c\" data-element_type=\"widget\" data-widget_type=\"heading.default\">\n\t\t\t\t<div class=\"elementor-widget-container\">\n\t\t\t\t\t<h2 class=\"elementor-heading-title elementor-size-default\">SONDAR GROUP<\/h2>\t\t\t\t<\/div>\n\t\t\t\t<\/div>\n\t\t\t\t<\/div>\n\t\t<div class=\"elementor-element elementor-element-b49aebb e-con-full e-flex e-con e-child\" data-id=\"b49aebb\" data-element_type=\"container\">\n\t\t<div class=\"elementor-element elementor-element-50002c2 e-con-full e-flex e-con e-child\" data-id=\"50002c2\" data-element_type=\"container\">\n\t\t\t\t<div class=\"elementor-element elementor-element-322a5e0 elementor-widget elementor-widget-text-editor\" data-id=\"322a5e0\" data-element_type=\"widget\" data-widget_type=\"text-editor.default\">\n\t\t\t\t<div class=\"elementor-widget-container\">\n\t\t\t\t\t\t\t\t\t<p style=\"text-align: justify;\">The SONDAR GROUP was started in 1998 with the creation of the Sondar laboratory \u2013 Amostragens e Tecnologias do Ar, Lda.<\/p><p style=\"text-align: justify;\">SONDAR.i was the first private laboratory to provide gas emissions monitoring services in Portugal.<\/p><p style=\"text-align: justify;\">As SONDAR.i's reputation and portfolio grew, it was possible to invest and grow in a sustained manner, in order to fully satisfy the requirements of customers and the services provided.<\/p><p style=\"text-align: justify;\">In 2001, SondarLab \u2013 Air Quality Laboratory, Lda. was created, thus beginning the expansion of a group that today has 6 (six) companies. Sondarlab came to offer complementary services to SONDAR.i, focusing mainly on ambient air quality and indoor air quality, more specifically on worker exposure within the scope of Hygiene and Safety at Work.<\/p><p style=\"text-align: justify;\">In 2014, ISQ acquired 50% of the SONDAR group, making SONDAR, currently called SONDAR.i, and SONDARLAB subsidiaries of ISQ.<\/p>\t\t\t\t\t\t\t\t<\/div>\n\t\t\t\t<\/div>\n\t\t\t\t<\/div>\n\t\t<div class=\"elementor-element elementor-element-3368107 e-con-full e-flex e-con e-child\" data-id=\"3368107\" data-element_type=\"container\">\n\t\t\t\t<div class=\"elementor-element elementor-element-294d74a elementor-widget elementor-widget-image\" data-id=\"294d74a\" data-element_type=\"widget\" data-widget_type=\"image.default\">\n\t\t\t\t<div class=\"elementor-widget-container\">\n\t\t\t\t\t\t\t\t\t\t\t\t\t\t\t<img fetchpriority=\"high\" decoding=\"async\" width=\"800\" height=\"566\" src=\"https:\/\/sondargroup.com\/wp-content\/uploads\/2025\/03\/Image-Grupo-Sondar-1024x725.webp\" class=\"attachment-large size-large wp-image-830\" alt=\"\" srcset=\"https:\/\/sondargroup.com\/wp-content\/uploads\/2025\/03\/Image-Grupo-Sondar-1024x725.webp 1024w, https:\/\/sondargroup.com\/wp-content\/uploads\/2025\/03\/Image-Grupo-Sondar-300x213.webp 300w, https:\/\/sondargroup.com\/wp-content\/uploads\/2025\/03\/Image-Grupo-Sondar-768x544.webp 768w, https:\/\/sondargroup.com\/wp-content\/uploads\/2025\/03\/Image-Grupo-Sondar-18x12.webp 18w, https:\/\/sondargroup.com\/wp-content\/uploads\/2025\/03\/Image-Grupo-Sondar.webp 1200w\" sizes=\"(max-width: 800px) 100vw, 800px\" \/>\t\t\t\t\t\t\t\t\t\t\t\t\t\t\t<\/div>\n\t\t\t\t<\/div>\n\t\t\t\t<\/div>\n\t\t\t\t<\/div>\n\t\t\t\t<\/div>\n\t\t\t\t<\/div>\n\t\t<div class=\"elementor-element elementor-element-7e0e109 e-con-full e-flex e-con e-parent\" data-id=\"7e0e109\" data-element_type=\"container\" data-settings=\"{&quot;background_background&quot;:&quot;classic&quot;}\">\n\t\t<div class=\"elementor-element elementor-element-42eb06d e-con-full e-flex e-con e-child\" data-id=\"42eb06d\" data-element_type=\"container\">\n\t\t<div class=\"elementor-element elementor-element-c1b50bf e-con-full e-flex e-con e-child\" data-id=\"c1b50bf\" data-element_type=\"container\">\n\t\t\t\t<div class=\"elementor-element elementor-element-419a858 elementor-widget elementor-widget-heading\" data-id=\"419a858\" data-element_type=\"widget\" data-widget_type=\"heading.default\">\n\t\t\t\t<div class=\"elementor-widget-container\">\n\t\t\t\t\t<h2 class=\"elementor-heading-title elementor-size-default\">ABOUT SONDAR.I<\/h2>\t\t\t\t<\/div>\n\t\t\t\t<\/div>\n\t\t\t\t<\/div>\n\t\t<div class=\"elementor-element elementor-element-8177ca0 e-con-full e-flex e-con e-child\" data-id=\"8177ca0\" data-element_type=\"container\">\n\t\t<div class=\"elementor-element elementor-element-f3b4a0e e-con-full e-flex e-con e-child\" data-id=\"f3b4a0e\" data-element_type=\"container\">\n\t\t\t\t<div class=\"elementor-element elementor-element-9f0d85e elementor-widget elementor-widget-image\" data-id=\"9f0d85e\" data-element_type=\"widget\" data-widget_type=\"image.default\">\n\t\t\t\t<div class=\"elementor-widget-container\">\n\t\t\t\t\t\t\t\t\t\t\t\t\t\t\t<img decoding=\"async\" width=\"800\" height=\"566\" src=\"https:\/\/sondargroup.com\/wp-content\/uploads\/2025\/03\/Image-Sobre-a-Sondar-i-1024x725.webp\" class=\"attachment-large size-large wp-image-835\" alt=\"\" srcset=\"https:\/\/sondargroup.com\/wp-content\/uploads\/2025\/03\/Image-Sobre-a-Sondar-i-1024x725.webp 1024w, https:\/\/sondargroup.com\/wp-content\/uploads\/2025\/03\/Image-Sobre-a-Sondar-i-300x213.webp 300w, https:\/\/sondargroup.com\/wp-content\/uploads\/2025\/03\/Image-Sobre-a-Sondar-i-768x544.webp 768w, https:\/\/sondargroup.com\/wp-content\/uploads\/2025\/03\/Image-Sobre-a-Sondar-i-18x12.webp 18w, https:\/\/sondargroup.com\/wp-content\/uploads\/2025\/03\/Image-Sobre-a-Sondar-i.webp 1200w\" sizes=\"(max-width: 800px) 100vw, 800px\" \/>\t\t\t\t\t\t\t\t\t\t\t\t\t\t\t<\/div>\n\t\t\t\t<\/div>\n\t\t\t\t<\/div>\n\t\t<div class=\"elementor-element elementor-element-524d4dc e-con-full e-flex e-con e-child\" data-id=\"524d4dc\" data-element_type=\"container\">\n\t\t\t\t<div class=\"elementor-element elementor-element-a367346 elementor-widget elementor-widget-text-editor\" data-id=\"a367346\" data-element_type=\"widget\" data-widget_type=\"text-editor.default\">\n\t\t\t\t<div class=\"elementor-widget-container\">\n\t\t\t\t\t\t\t\t\t<p style=\"text-align: justify;\">SONDAR.i is currently a leader in the field of gaseous emissions.<\/p>\n<p style=\"text-align: justify;\">Em 2000 a SONDAR.i tornou-se o primeiro laborat\u00f3rio privado Portugu\u00eas a ser acreditado pelo referencial NP EN ISO\/IEC 17025: \u2013 Requisitos gerais de compet\u00eancias para laborat\u00f3rios de ensaio e calibra\u00e7\u00e3o.<\/p>\n<p style=\"text-align: justify;\">SONDAR.i is currently a member of the technical working group CT-71 \u2013 Technical Committee for Standardization \u2013 Air Quality, SC1 \u2013 Stationary Sources. This committee is integrated into the European Committee for Standardization (CEN).<\/p>\n<p style=\"text-align: justify;\">The company is also a member of the technical committee of RELACRE CTR01 \u2013 Quality Assurance in Laboratories.<\/p>\t\t\t\t\t\t\t\t<\/div>\n\t\t\t\t<\/div>\n\t\t\t\t<\/div>\n\t\t\t\t<\/div>\n\t\t\t\t<\/div>\n\t\t\t\t<\/div>\n\t\t<div class=\"elementor-element elementor-element-e65305c e-con-full e-flex e-con e-parent\" data-id=\"e65305c\" data-element_type=\"container\" data-settings=\"{&quot;background_background&quot;:&quot;classic&quot;}\">\n\t\t<div class=\"elementor-element elementor-element-cf573b5 e-con-full e-flex e-con e-child\" data-id=\"cf573b5\" data-element_type=\"container\">\n\t\t<div class=\"elementor-element elementor-element-ac711d0 e-con-full e-flex e-con e-child\" data-id=\"ac711d0\" data-element_type=\"container\" data-settings=\"{&quot;background_background&quot;:&quot;classic&quot;}\">\n\t\t<div class=\"elementor-element elementor-element-189f353 e-con-full e-flex e-con e-child\" data-id=\"189f353\" data-element_type=\"container\">\n\t\t\t\t<div class=\"elementor-element elementor-element-680df54 elementor-widget elementor-widget-heading\" data-id=\"680df54\" data-element_type=\"widget\" data-widget_type=\"heading.default\">\n\t\t\t\t<div class=\"elementor-widget-container\">\n\t\t\t\t\t<h2 class=\"elementor-heading-title elementor-size-default\">METHODOLOGIES<\/br>AND QUALITY ASSURANCE<\/h2>\t\t\t\t<\/div>\n\t\t\t\t<\/div>\n\t\t\t\t<\/div>\n\t\t\t\t<\/div>\n\t\t<div class=\"elementor-element elementor-element-77dd637 e-con-full e-flex e-con e-child\" data-id=\"77dd637\" data-element_type=\"container\">\n\t\t<div class=\"elementor-element elementor-element-4d06b6b e-con-full e-flex e-con e-child\" data-id=\"4d06b6b\" data-element_type=\"container\">\n\t\t\t\t<div class=\"elementor-element elementor-element-b6f0371 elementor-widget elementor-widget-text-editor\" data-id=\"b6f0371\" data-element_type=\"widget\" data-widget_type=\"text-editor.default\">\n\t\t\t\t<div class=\"elementor-widget-container\">\n\t\t\t\t\t\t\t\t\t<p style=\"text-align: justify;\">The measurement methodologies used by SONDAR.i have been refined over the years based on field experience and continuous research, in order to optimize laboratory performance.<\/p><p style=\"text-align: justify;\">The constant analysis and re-evaluation of procedures, from a Continuous Improvement perspective, allows SONDAR.i to achieve accurate and representative results in an effective and economically viable manner.<\/p><p style=\"text-align: justify;\">The company's technical staff mostly have higher qualifications, having received specialized training when joining the laboratory.<\/p>\t\t\t\t\t\t\t\t<\/div>\n\t\t\t\t<\/div>\n\t\t\t\t<\/div>\n\t\t<div class=\"elementor-element elementor-element-1a5291c e-con-full e-flex e-con e-child\" data-id=\"1a5291c\" data-element_type=\"container\">\n\t\t\t\t<div class=\"elementor-element elementor-element-179eb65 elementor-widget elementor-widget-text-editor\" data-id=\"179eb65\" data-element_type=\"widget\" data-widget_type=\"text-editor.default\">\n\t\t\t\t<div class=\"elementor-widget-container\">\n\t\t\t\t\t\t\t\t\t<p style=\"text-align: justify;\">Training combined with state-of-the-art equipment, duly validated and calibrated, ensure that the quality of results and SONDAR.i's testing procedures are of a high standard.<\/p><p style=\"text-align: justify;\">This quality is reflected in partnerships with renowned clients who, year after year, choose SONDAR.i as their work partner.<\/p>\t\t\t\t\t\t\t\t<\/div>\n\t\t\t\t<\/div>\n\t\t\t\t<\/div>\n\t\t\t\t<\/div>\n\t\t\t\t<\/div>\n\t\t\t\t<\/div>\n\t\t<div class=\"elementor-element elementor-element-96c9457 e-con-full e-flex e-con e-parent\" data-id=\"96c9457\" data-element_type=\"container\" data-settings=\"{&quot;background_background&quot;:&quot;classic&quot;}\">\n\t\t<div class=\"elementor-element elementor-element-c8eadd2 e-con-full e-flex e-con e-child\" data-id=\"c8eadd2\" data-element_type=\"container\">\n\t\t<div class=\"elementor-element elementor-element-d2c3b31 e-con-full e-flex e-con e-child\" data-id=\"d2c3b31\" data-element_type=\"container\" data-settings=\"{&quot;background_background&quot;:&quot;classic&quot;}\">\n\t\t<div class=\"elementor-element elementor-element-dcfef18 e-con-full e-flex e-con e-child\" data-id=\"dcfef18\" data-element_type=\"container\">\n\t\t\t\t<div class=\"elementor-element elementor-element-ca5ec77 elementor-mobile-align-center elementor-widget elementor-widget-button\" data-id=\"ca5ec77\" data-element_type=\"widget\" data-widget_type=\"button.default\">\n\t\t\t\t<div class=\"elementor-widget-container\">\n\t\t\t\t\t\t\t\t\t<div class=\"elementor-button-wrapper\">\n\t\t\t\t\t<a class=\"elementor-button elementor-button-link elementor-size-sm\" href=\"https:\/\/sondargroup.com\/en\/sondar-i-qualidade\/\">\n\t\t\t\t\t\t<span class=\"elementor-button-content-wrapper\">\n\t\t\t\t\t\t\t\t\t<span class=\"elementor-button-text\">QUALITY<\/span>\n\t\t\t\t\t<\/span>\n\t\t\t\t\t<\/a>\n\t\t\t\t<\/div>\n\t\t\t\t\t\t\t\t<\/div>\n\t\t\t\t<\/div>\n\t\t\t\t<\/div>\n\t\t\t\t<\/div>\n\t\t\t\t<\/div>\n\t\t\t\t<\/div>\n\t\t\t\t<\/div>","protected":false},"excerpt":{"rendered":"<p>Sobre n\u00f3s GRUPO SONDAR O GRUPO SONDAR foi iniciado em 1998 com a cria\u00e7\u00e3o do laborat\u00f3rio Sondar \u2013 Amostragens e Tecnologias do Ar, Lda. A SONDAR.i foi o primeiro laborat\u00f3rio privado a prestar servi\u00e7os de monitoriza\u00e7\u00e3o de emiss\u00f5es gasosas em Portugal. \u00c0 medida que a reputa\u00e7\u00e3o e portfolio da SONDAR.i foi aumentando, foi poss\u00edvel investir [&hellip;]<\/p>","protected":false},"author":5,"featured_media":0,"parent":0,"menu_order":0,"comment_status":"closed","ping_status":"closed","template":"elementor_header_footer","meta":{"inline_featured_image":false,"footnotes":""},"class_list":["post-9","page","type-page","status-publish","hentry"],"_links":{"self":[{"href":"https:\/\/sondargroup.com\/en\/wp-json\/wp\/v2\/pages\/9","targetHints":{"allow":["GET"]}}],"collection":[{"href":"https:\/\/sondargroup.com\/en\/wp-json\/wp\/v2\/pages"}],"about":[{"href":"https:\/\/sondargroup.com\/en\/wp-json\/wp\/v2\/types\/page"}],"author":[{"embeddable":true,"href":"https:\/\/sondargroup.com\/en\/wp-json\/wp\/v2\/users\/5"}],"replies":[{"embeddable":true,"href":"https:\/\/sondargroup.com\/en\/wp-json\/wp\/v2\/comments?post=9"}],"version-history":[{"count":33,"href":"https:\/\/sondargroup.com\/en\/wp-json\/wp\/v2\/pages\/9\/revisions"}],"predecessor-version":[{"id":2233,"href":"https:\/\/sondargroup.com\/en\/wp-json\/wp\/v2\/pages\/9\/revisions\/2233"}],"wp:attachment":[{"href":"https:\/\/sondargroup.com\/en\/wp-json\/wp\/v2\/media?parent=9"}],"curies":[{"name":"wp","href":"https:\/\/api.w.org\/{rel}","templated":true}]}}